{"id":4396,"date":"2019-09-10T13:03:23","date_gmt":"2019-09-10T13:03:23","guid":{"rendered":"https:\/\/grecofabrics.com\/contact\/"},"modified":"2026-02-13T08:48:30","modified_gmt":"2026-02-13T08:48:30","slug":"contacto","status":"publish","type":"page","link":"https:\/\/grecofabrics.com\/es\/contacto\/","title":{"rendered":"Contacto"},"content":{"rendered":"<p><img decoding=\"async\" src=\"\/wp-content\/uploads\/2022\/08\/GRECO-logo-vector-horizontal2color-min.png\" alt=\"\"><\/p>\n<ul>\n<li>\n<h2>Direcci\u00f3n<\/h2>\n<div>Calle Lasgasca 107<br \/>\n28006 Madrid<br \/>\nEspa\u00f1a<\/div>\n<\/li>\n<li>\n<h2>Correo electr\u00f3nico<\/h2>\n<div><u><a class=\"uk-link-toggle\" href=\"mailto:showroom@grecofabrics.com\">showroom@grecofabrics.com<br \/>\n<\/a><\/u><\/div>\n<\/li>\n<li>\n<h2>Tel\u00e9fono<\/h2>\n<div><a class=\"uk-link-toggle\" href=\"tel:+34910884372\"> +34 910 884 372<\/a><br \/>\n<a class=\"uk-link-toggle\" href=\"tel:+34650414212\"> +34 650 414 212<\/a><\/div>\n<\/li>\n<li>\n<h2>Horario<\/h2>\n<div>\n<p>Lunes a Jueves<br \/>10:00h \u2013 14:30h<br \/>16:00h &#8211; 18:30h<br \/>Viernes <br \/>10:00h \u2013 16:00h<\/p>\n<\/div>\n<\/li>\n<\/ul>\n<ul>\n<li><a href=\"https:\/\/www.facebook.com\/michaelsmithjasper\">facebook<\/a>\n<\/li>\n<li><a href=\"https:\/\/www.instagram.com\/grecofabrics\/?hl=es\">instagram<\/a>\n<\/li>\n<\/ul>\n<div>\n<p>40.4346408,-3.6845674<\/p>\n<p><img decoding=\"async\" src=\"\/wp-content\/uploads\/2022\/08\/GRECO-logo-vector-horizontal2color-min.png\" alt=\"\"><\/p>\n<div>Calle Lasgasca 107, 28006 Madrid, Espa\u00f1a<\/div>\n<p><a href=\"https:\/\/www.google.com\/maps\/place\/Calle+de+Lagasca,+107,+28006+Madrid\/data=!4m2!3m1!1s0xd4228ead9d1dc81:0xf95ceb0f0c2e93f2?sa=X&#038;ved=2ahUKEwjI7pWmvOn6AhW2_rsIHWuRDJAQ8gF6BAgWEAE\">Ver en Google<\/a><\/p>\n<\/div>\n<div>SERVICIOS DE ASESORAMIENTO<\/div>\n<div>\n<p>        <img decoding=\"async\" src=\"\/wp-content\/uploads\/2023\/01\/L1009776-min.jpg\" alt=\"\"><\/p>\n<p>En Greco Showroom contamos con un equipo profesional que puede ayudarle, orient\u00e1ndole y asesor\u00e1ndole.<\/p>\n<div>\n<p>Contando en la red de colaboradores de Michael, Greco tambi\u00e9n dispone de una selecci\u00f3n de oficios que cubren todos los servicios relacionados con la decoraci\u00f3n.<\/p>\n<\/div>\n<\/div>\n<p><!--more--><br \/>\n<!-- {\"type\":\"layout\",\"children\":[{\"type\":\"section\",\"props\":{\"header_transparent\":true,\"header_transparent_noplaceholder\":false,\"header_transparent_text_color\":\"light\",\"image\":\"wp-content\/uploads\/2024\/05\/web-muebles-3-1160-x-960-pixeles.jpg\",\"image_effect\":\"parallax\",\"image_parallax_bgy\":\"5vh,-5vh\",\"image_parallax_breakpoint\":\"s\",\"image_parallax_easing\":\"1\",\"image_position\":\"center-center\",\"image_size\":\"cover\",\"image_width\":\"2560\",\"style\":\"default\",\"title_breakpoint\":\"xl\",\"title_position\":\"top-left\",\"title_rotation\":\"left\",\"vertical_align\":\"\",\"width\":\"default\"},\"children\":[{\"type\":\"row\",\"props\":{\"column_gap\":\"collapse\",\"layout\":\"1-2,1-2\",\"row_gap\":\"collapse\",\"width\":\"large\"},\"children\":[{\"type\":\"column\",\"props\":{\"image_position\":\"center-center\",\"position_sticky_breakpoint\":\"m\",\"style\":\"tile-default\",\"vertical_align\":\"middle\",\"width_medium\":\"1-2\"},\"children\":[{\"type\":\"image\",\"props\":{\"image\":\"wp-content\/uploads\/2022\/08\/GRECO-logo-vector-horizontal2color-min.png\",\"image_svg_color\":\"emphasis\",\"image_svg_inline\":true,\"image_width\":\"350\",\"margin_bottom\":\"default\",\"margin_top\":\"default\",\"text_align\":\"center\"}},{\"type\":\"grid\",\"props\":{\"block_align\":\"center\",\"block_align_fallback\":\"center\",\"content_column_breakpoint\":\"m\",\"content_margin\":\"small\",\"css\":\"h5, .el-title {\\n    font-size: 18px;!important\\n}\",\"filter_align\":\"left\",\"filter_all\":true,\"filter_grid_breakpoint\":\"m\",\"filter_grid_width\":\"auto\",\"filter_position\":\"top\",\"filter_style\":\"tab\",\"grid_column_gap\":\"collapse\",\"grid_default\":\"1\",\"grid_medium\":\"\",\"grid_small\":\"2\",\"image_align\":\"top\",\"image_grid_breakpoint\":\"m\",\"image_grid_width\":\"1-2\",\"image_svg_color\":\"emphasis\",\"item_animation\":true,\"lightbox_bg_close\":true,\"link_style\":\"default\",\"link_text\":\"\",\"margin_bottom\":\"medium\",\"margin_top\":\"medium\",\"maxwidth\":\"large\",\"meta_align\":\"below-title\",\"meta_element\":\"div\",\"meta_style\":\"text-meta\",\"panel_link\":true,\"parallax_easing\":\"1\",\"show_content\":true,\"show_hover_image\":true,\"show_hover_video\":true,\"show_image\":true,\"show_link\":true,\"show_meta\":true,\"show_title\":true,\"show_video\":true,\"text_align\":\"left\",\"text_align_breakpoint\":\"s\",\"text_align_fallback\":\"center\",\"title_align\":\"top\",\"title_element\":\"h2\",\"title_grid_breakpoint\":\"m\",\"title_grid_width\":\"1-2\",\"title_hover_style\":\"reset\",\"title_style\":\"h5\"},\"children\":[{\"type\":\"grid_item\",\"props\":{\"content\":\"Calle Lasgasca 107<br \/>\\n28006 Madrid<br \/>\\nEspa\u00f1a\",\"title\":\"Direcci\u00f3n\"}},{\"type\":\"grid_item\",\"props\":{\"content\":\"<u><a class=\\\"uk-link-toggle\\\" href=\\\"mailto:showroom@grecofabrics.com\\\">showroom@grecofabrics.com\\n<\/a><\/u>\",\"title\":\"Correo electr\u00f3nico\"}},{\"type\":\"grid_item\",\"props\":{\"content\":\"<a class=\\\"uk-link-toggle\\\" href=\\\"tel:+34910884372\\\"> +34 910 884 372<\/a><br \/>\\n<a class=\\\"uk-link-toggle\\\" href=\\\"tel:+34650414212\\\"> +34 650 414 212<\/a>\",\"title\":\"Tel\u00e9fono\"}},{\"type\":\"grid_item\",\"props\":{\"content\":\"\n\n<p>Lunes a Jueves<br \/>10:00h \u2013 14:30h<br \/>16:00h - 18:30h<br \/>Viernes <br \/>10:00h \u2013 16:00h<\/p>\n\n\",\"title\":\"Horario\"}}]},{\"type\":\"social\",\"props\":{\"grid\":\"horizontal\",\"grid_column_gap\":\"small\",\"grid_row_gap\":\"small\",\"image_svg_inline\":true,\"link_style\":\"\",\"margin_bottom\":\"default\",\"margin_top\":\"default\",\"text_align\":\"center\"},\"children\":[{\"type\":\"social_item\",\"props\":{\"link\":\"https:\/\/www.facebook.com\/michaelsmithjasper\"}},{\"type\":\"social_item\",\"props\":{\"link\":\"https:\/\/www.instagram.com\/grecofabrics\/?hl=es\"}}]}]},{\"type\":\"column\",\"props\":{\"image_position\":\"center-center\",\"order_first\":\"m\",\"padding\":\"none\",\"position_sticky_breakpoint\":\"m\",\"style\":\"tile-default\",\"width_medium\":\"1-2\"},\"children\":[{\"type\":\"map\",\"props\":{\"controls\":false,\"dragging\":true,\"height\":\"650\",\"image_svg_color\":\"emphasis\",\"link_fullwidth\":true,\"link_size\":\"small\",\"link_style\":\"default\",\"link_target\":true,\"link_text\":\"Read more\",\"margin_bottom\":\"default\",\"margin_top\":\"default\",\"max_zoom\":18,\"meta_align\":\"below-title\",\"meta_element\":\"div\",\"meta_style\":\"text-meta\",\"min_zoom\":0,\"poi\":false,\"show_content\":true,\"show_image\":true,\"show_link\":true,\"show_meta\":true,\"show_title\":true,\"styler_invert_lightness\":false,\"title_element\":\"h3\",\"title_hover_style\":\"reset\",\"type\":\"roadmap\",\"zoom\":\"16\",\"zooming\":false},\"children\":[{\"type\":\"map_item\",\"props\":{\"content\":\"Calle Lasgasca 107, 28006 Madrid, Espa\u00f1a\",\"image\":\"wp-content\/uploads\/2022\/08\/GRECO-logo-vector-horizontal2color-min.png\",\"link\":\"https:\/\/www.google.com\/maps\/place\/Calle+de+Lagasca,+107,+28006+Madrid\/data=!4m2!3m1!1s0xd4228ead9d1dc81:0xf95ceb0f0c2e93f2?sa=X&ved=2ahUKEwjI7pWmvOn6AhW2_rsIHWuRDJAQ8gF6BAgWEAE\",\"link_text\":\"Ver en Google\",\"location\":\"40.4346408,-3.6845674\"}}]}]}]}],\"name\":\"Contact\"},{\"type\":\"section\",\"props\":{\"id\":\"team\",\"image_effect\":\"parallax\",\"image_parallax_bgy\":\"10vh,-15vh\",\"image_parallax_breakpoint\":\"m\",\"image_parallax_easing\":\"1\",\"image_position\":\"center-center\",\"media_visibility\":\"s\",\"style\":\"default\",\"title_breakpoint\":\"xl\",\"title_position\":\"top-left\",\"title_rotation\":\"left\",\"vertical_align\":\"\",\"width\":\"default\"},\"children\":[{\"type\":\"row\",\"children\":[{\"type\":\"column\",\"props\":{\"image_position\":\"center-center\",\"position_sticky_breakpoint\":\"m\",\"width_medium\":\"1-1\"},\"children\":[{\"type\":\"headline\",\"props\":{\"content\":\"SERVICIOS DE ASESORAMIENTO\",\"image_align\":\"left\",\"image_margin\":\"xsmall\",\"margin_bottom\":\"small\",\"margin_top\":\"small\",\"text_align\":\"center\",\"title_decoration\":\"line\",\"title_element\":\"div\",\"title_font_family\":\"tertiary\",\"title_style\":\"h2\"}}]}]},{\"type\":\"row\",\"children\":[{\"type\":\"column\",\"props\":{\"image_position\":\"center-center\",\"position_sticky_breakpoint\":\"m\",\"width_medium\":\"1-1\"},\"children\":[{\"name\":\"Panel Image Left\",\"type\":\"panel\",\"props\":{\"block_align\":\"center\",\"content\":\"\n\n<p>Contando en la red de colaboradores de Michael, Greco tambi\u00e9n dispone de una selecci\u00f3n de oficios que cubren todos los servicios relacionados con la decoraci\u00f3n.<\/p>\n\n\",\"content_column_breakpoint\":\"m\",\"content_margin\":\"small\",\"css\":\"@media only screen and (max-width: 600px) {\\n    .el-content{   \\n\\t\\t font-size: 14px!important;    \\n    }\\n}\\n\",\"image\":\"wp-content\/uploads\/2023\/01\/L1009776-min.jpg\",\"image_align\":\"right\",\"image_grid_breakpoint\":\"s\",\"image_grid_width\":\"1-2\",\"image_height\":\"960\",\"image_svg_color\":\"emphasis\",\"image_vertical_align\":true,\"image_width\":\"1160\",\"link_margin\":\"medium\",\"link_style\":\"primary\",\"link_text\":\"Read more\",\"margin_bottom\":\"default\",\"margin_top\":\"default\",\"meta\":\"En Greco Showroom contamos con un equipo profesional que puede ayudarle, orient\u00e1ndole y asesor\u00e1ndole.\",\"meta_align\":\"above-title\",\"meta_element\":\"div\",\"meta_margin\":\"small\",\"meta_style\":\"text-meta\",\"panel_image_no_padding\":true,\"title\":\"\",\"title_align\":\"top\",\"title_element\":\"h3\",\"title_grid_breakpoint\":\"m\",\"title_grid_width\":\"1-2\",\"title_hover_style\":\"reset\",\"title_margin\":\"small\"}}]}]}],\"name\":\"CONTACTO\"}],\"version\":\"5.0.11\"} --><\/p>\n","protected":false},"excerpt":{"rendered":"<p>Direcci\u00f3n Calle Lasgasca 107 28006 Madrid Espa\u00f1a Correo electr\u00f3nico showroom@grecofabrics.com Tel\u00e9fono +34 910 884 372 +34 650 414 212 Horario Lunes a Jueves10:00h \u2013 14:30h16:00h &#8211; 18:30hViernes 10:00h \u2013 16:00h facebook instagram 40.4346408,-3.6845674 Calle Lasgasca 107, 28006 Madrid, Espa\u00f1a Ver en Google SERVICIOS DE ASESORAMIENTO En Greco Showroom contamos con un equipo profesional que puede [&hellip;]<\/p>\n","protected":false},"author":1,"featured_media":0,"parent":0,"menu_order":3,"comment_status":"open","ping_status":"open","template":"","meta":{"_acf_changed":false,"footnotes":""},"class_list":["post-4396","page","type-page","status-publish","hentry"],"acf":[],"yoast_head":"<!-- This site is optimized with the Yoast SEO plugin v26.9 - https:\/\/yoast.com\/product\/yoast-seo-wordpress\/ -->\n<title>Contacto - Greco Fabrics Showroom | Michael S Smith<\/title>\n<meta name=\"robots\" content=\"index, follow, max-snippet:-1, max-image-preview:large, max-video-preview:-1\" \/>\n<link rel=\"canonical\" href=\"https:\/\/grecofabrics.com\/es\/contacto\/\" \/>\n<meta property=\"og:locale\" content=\"es_ES\" \/>\n<meta property=\"og:type\" content=\"article\" \/>\n<meta property=\"og:title\" content=\"Contacto - Greco Fabrics Showroom | Michael S Smith\" \/>\n<meta property=\"og:description\" content=\"Direcci\u00f3n Calle Lasgasca 107 28006 Madrid Espa\u00f1a Correo electr\u00f3nico showroom@grecofabrics.com Tel\u00e9fono +34 910 884 372 +34 650 414 212 Horario Lunes a Jueves10:00h \u2013 14:30h16:00h &#8211; 18:30hViernes 10:00h \u2013 16:00h facebook instagram 40.4346408,-3.6845674 Calle Lasgasca 107, 28006 Madrid, Espa\u00f1a Ver en Google SERVICIOS DE ASESORAMIENTO En Greco Showroom contamos con un equipo profesional que puede [&hellip;]\" \/>\n<meta property=\"og:url\" content=\"https:\/\/grecofabrics.com\/es\/contacto\/\" \/>\n<meta property=\"og:site_name\" content=\"Greco Fabrics Showroom | Michael S Smith\" \/>\n<meta property=\"article:publisher\" content=\"https:\/\/www.facebook.com\/michaelsmithjasper\" \/>\n<meta property=\"article:modified_time\" content=\"2026-02-13T08:48:30+00:00\" \/>\n<meta property=\"og:image\" content=\"https:\/\/grecofabrics.com\/wp-content\/uploads\/2022\/10\/GRECO-min.png\" \/>\n\t<meta property=\"og:image:width\" content=\"400\" \/>\n\t<meta property=\"og:image:height\" content=\"400\" \/>\n\t<meta property=\"og:image:type\" content=\"image\/png\" \/>\n<meta name=\"twitter:card\" content=\"summary_large_image\" \/>\n<script type=\"application\/ld+json\" class=\"yoast-schema-graph\">{\"@context\":\"https:\/\/schema.org\",\"@graph\":[{\"@type\":\"WebPage\",\"@id\":\"https:\/\/grecofabrics.com\/es\/contacto\/\",\"url\":\"https:\/\/grecofabrics.com\/es\/contacto\/\",\"name\":\"Contacto - Greco Fabrics Showroom | Michael S Smith\",\"isPartOf\":{\"@id\":\"https:\/\/grecofabrics.com\/es\/#website\"},\"datePublished\":\"2019-09-10T13:03:23+00:00\",\"dateModified\":\"2026-02-13T08:48:30+00:00\",\"breadcrumb\":{\"@id\":\"https:\/\/grecofabrics.com\/es\/contacto\/#breadcrumb\"},\"inLanguage\":\"es\",\"potentialAction\":[{\"@type\":\"ReadAction\",\"target\":[\"https:\/\/grecofabrics.com\/es\/contacto\/\"]}]},{\"@type\":\"BreadcrumbList\",\"@id\":\"https:\/\/grecofabrics.com\/es\/contacto\/#breadcrumb\",\"itemListElement\":[{\"@type\":\"ListItem\",\"position\":1,\"name\":\"Home\",\"item\":\"https:\/\/grecofabrics.com\/es\/\"},{\"@type\":\"ListItem\",\"position\":2,\"name\":\"Contacto\"}]},{\"@type\":\"WebSite\",\"@id\":\"https:\/\/grecofabrics.com\/es\/#website\",\"url\":\"https:\/\/grecofabrics.com\/es\/\",\"name\":\"Greco Fabrics Showroom | Michael S Smith\",\"description\":\"Fine furniture and fabrics\",\"publisher\":{\"@id\":\"https:\/\/grecofabrics.com\/es\/#organization\"},\"potentialAction\":[{\"@type\":\"SearchAction\",\"target\":{\"@type\":\"EntryPoint\",\"urlTemplate\":\"https:\/\/grecofabrics.com\/es\/?s={search_term_string}\"},\"query-input\":{\"@type\":\"PropertyValueSpecification\",\"valueRequired\":true,\"valueName\":\"search_term_string\"}}],\"inLanguage\":\"es\"},{\"@type\":\"Organization\",\"@id\":\"https:\/\/grecofabrics.com\/es\/#organization\",\"name\":\"Grecofabrics | Micheal S Smith\",\"alternateName\":\"Grecofabrics | Micheal S Smith\",\"url\":\"https:\/\/grecofabrics.com\/es\/\",\"logo\":{\"@type\":\"ImageObject\",\"inLanguage\":\"es\",\"@id\":\"https:\/\/grecofabrics.com\/es\/#\/schema\/logo\/image\/\",\"url\":\"https:\/\/grecofabrics.com\/wp-content\/uploads\/2022\/10\/GRECO-min.png\",\"contentUrl\":\"https:\/\/grecofabrics.com\/wp-content\/uploads\/2022\/10\/GRECO-min.png\",\"width\":400,\"height\":400,\"caption\":\"Grecofabrics | Micheal S Smith\"},\"image\":{\"@id\":\"https:\/\/grecofabrics.com\/es\/#\/schema\/logo\/image\/\"},\"sameAs\":[\"https:\/\/www.facebook.com\/michaelsmithjasper\",\"http:\/\/instagram.com\/jaspershowroom\"]}]}<\/script>\n<!-- \/ Yoast SEO plugin. -->","yoast_head_json":{"title":"Contacto - Greco Fabrics Showroom | Michael S Smith","robots":{"index":"index","follow":"follow","max-snippet":"max-snippet:-1","max-image-preview":"max-image-preview:large","max-video-preview":"max-video-preview:-1"},"canonical":"https:\/\/grecofabrics.com\/es\/contacto\/","og_locale":"es_ES","og_type":"article","og_title":"Contacto - Greco Fabrics Showroom | Michael S Smith","og_description":"Direcci\u00f3n Calle Lasgasca 107 28006 Madrid Espa\u00f1a Correo electr\u00f3nico showroom@grecofabrics.com Tel\u00e9fono +34 910 884 372 +34 650 414 212 Horario Lunes a Jueves10:00h \u2013 14:30h16:00h &#8211; 18:30hViernes 10:00h \u2013 16:00h facebook instagram 40.4346408,-3.6845674 Calle Lasgasca 107, 28006 Madrid, Espa\u00f1a Ver en Google SERVICIOS DE ASESORAMIENTO En Greco Showroom contamos con un equipo profesional que puede [&hellip;]","og_url":"https:\/\/grecofabrics.com\/es\/contacto\/","og_site_name":"Greco Fabrics Showroom | Michael S Smith","article_publisher":"https:\/\/www.facebook.com\/michaelsmithjasper","article_modified_time":"2026-02-13T08:48:30+00:00","og_image":[{"width":400,"height":400,"url":"https:\/\/grecofabrics.com\/wp-content\/uploads\/2022\/10\/GRECO-min.png","type":"image\/png"}],"twitter_card":"summary_large_image","schema":{"@context":"https:\/\/schema.org","@graph":[{"@type":"WebPage","@id":"https:\/\/grecofabrics.com\/es\/contacto\/","url":"https:\/\/grecofabrics.com\/es\/contacto\/","name":"Contacto - Greco Fabrics Showroom | Michael S Smith","isPartOf":{"@id":"https:\/\/grecofabrics.com\/es\/#website"},"datePublished":"2019-09-10T13:03:23+00:00","dateModified":"2026-02-13T08:48:30+00:00","breadcrumb":{"@id":"https:\/\/grecofabrics.com\/es\/contacto\/#breadcrumb"},"inLanguage":"es","potentialAction":[{"@type":"ReadAction","target":["https:\/\/grecofabrics.com\/es\/contacto\/"]}]},{"@type":"BreadcrumbList","@id":"https:\/\/grecofabrics.com\/es\/contacto\/#breadcrumb","itemListElement":[{"@type":"ListItem","position":1,"name":"Home","item":"https:\/\/grecofabrics.com\/es\/"},{"@type":"ListItem","position":2,"name":"Contacto"}]},{"@type":"WebSite","@id":"https:\/\/grecofabrics.com\/es\/#website","url":"https:\/\/grecofabrics.com\/es\/","name":"Greco Fabrics Showroom | Michael S Smith","description":"Fine furniture and fabrics","publisher":{"@id":"https:\/\/grecofabrics.com\/es\/#organization"},"potentialAction":[{"@type":"SearchAction","target":{"@type":"EntryPoint","urlTemplate":"https:\/\/grecofabrics.com\/es\/?s={search_term_string}"},"query-input":{"@type":"PropertyValueSpecification","valueRequired":true,"valueName":"search_term_string"}}],"inLanguage":"es"},{"@type":"Organization","@id":"https:\/\/grecofabrics.com\/es\/#organization","name":"Grecofabrics | Micheal S Smith","alternateName":"Grecofabrics | Micheal S Smith","url":"https:\/\/grecofabrics.com\/es\/","logo":{"@type":"ImageObject","inLanguage":"es","@id":"https:\/\/grecofabrics.com\/es\/#\/schema\/logo\/image\/","url":"https:\/\/grecofabrics.com\/wp-content\/uploads\/2022\/10\/GRECO-min.png","contentUrl":"https:\/\/grecofabrics.com\/wp-content\/uploads\/2022\/10\/GRECO-min.png","width":400,"height":400,"caption":"Grecofabrics | Micheal S Smith"},"image":{"@id":"https:\/\/grecofabrics.com\/es\/#\/schema\/logo\/image\/"},"sameAs":["https:\/\/www.facebook.com\/michaelsmithjasper","http:\/\/instagram.com\/jaspershowroom"]}]}},"_links":{"self":[{"href":"https:\/\/grecofabrics.com\/es\/wp-json\/wp\/v2\/pages\/4396","targetHints":{"allow":["GET"]}}],"collection":[{"href":"https:\/\/grecofabrics.com\/es\/wp-json\/wp\/v2\/pages"}],"about":[{"href":"https:\/\/grecofabrics.com\/es\/wp-json\/wp\/v2\/types\/page"}],"author":[{"embeddable":true,"href":"https:\/\/grecofabrics.com\/es\/wp-json\/wp\/v2\/users\/1"}],"replies":[{"embeddable":true,"href":"https:\/\/grecofabrics.com\/es\/wp-json\/wp\/v2\/comments?post=4396"}],"version-history":[{"count":4,"href":"https:\/\/grecofabrics.com\/es\/wp-json\/wp\/v2\/pages\/4396\/revisions"}],"predecessor-version":[{"id":6818,"href":"https:\/\/grecofabrics.com\/es\/wp-json\/wp\/v2\/pages\/4396\/revisions\/6818"}],"wp:attachment":[{"href":"https:\/\/grecofabrics.com\/es\/wp-json\/wp\/v2\/media?parent=4396"}],"curies":[{"name":"wp","href":"https:\/\/api.w.org\/{rel}","templated":true}]}}